
{"id":2416,"date":"2015-05-28T16:42:17","date_gmt":"2015-05-28T14:42:17","guid":{"rendered":"http:\/\/www.pbbcerchi.it\/?page_id=2416"},"modified":"2018-05-29T09:16:32","modified_gmt":"2018-05-29T07:16:32","slug":"privacy-cookies","status":"publish","type":"page","link":"http:\/\/www.pbbcerchi.it\/it\/privacy-cookies\/","title":{"rendered":"Privacy &#038; Cookies"},"content":{"rendered":"<p><b>Privacy Policy di www.pbbcerchi.it<\/b><\/p>\n<p><b>Titolare del Trattamento dei Dati<\/b><\/p>\n<p>B. &amp; B. Meccanica SNC di Baiardi Mirco &amp; C.<br \/>\nvia L. Lama, 161\/169 &#8211; 47035 &#8211; Gambettola (FC)<br \/>\nC.F. \/ P.Iva : 04362110407 &#8211; indirizzo email: <span id=\"cloakae22a1e3d5d531866566b94b1167bc48\"><a href=\"mailto:privacy@bebmeccanica.it\">privacy@bebmeccanica.it<\/a><\/span><\/p>\n<p><b>Dati Personali<\/b><\/p>\n<p>I dati personali sono le informazioni che identificano o rendono identificabile, in modo diretto o indiretto, una persona fisica e che possono fornire dettagli sulle sue caratteristiche, le sue abitudini, il suo stile di vita, le sue relazioni personali, il suo stato di salute, la sua situazione economica, ecc..<br \/>\nI dati personali si suddividono in:<\/p>\n<p>\u2022<b>dati identificativi<\/b>: quelli che permettono l&#8217;identificazione diretta, come i dati anagrafici (ad esempio: nome e cognome), le immagini, ecc.;<br \/>\n\u2022<b>dati sensibili<\/b>: quelli che possono rivelare l&#8217;origine razziale ed etnica, le convinzioni religiose, filosofiche o di altro genere, le opinioni politiche, l&#8217;adesione a partiti, sindacati, associazioni od organizzazioni a carattere religioso, filosofico, politico o sindacale, lo stato di salute e la vita sessuale;<br \/>\n\u2022<b>dati giudiziari<\/b>: quelli che possono rivelare l&#8217;esistenza di determinati provvedimenti giudiziari soggetti ad iscrizione nel casellario giudiziale (ad esempio, i provvedimenti penali di condanna definitivi, la liberazione condizionale, il divieto od obbligo di soggiorno, le misure alternative alla detenzione) o la qualit\u00e0 di imputato o di indagato.<\/p>\n<p>Non sono considerati personali i dati raccolti in modo anonimo o in forma aggregata in modo da non consentire pi\u00f9 l&#8217;identificazioni una persona fisica specifica, nemmeno in combinazione con altre informazioni o in altri modi.<\/p>\n<p>B&amp;B Meccanica S.N.C. tratta i tuoi dati identificativi quando utilizzi i nostri Servizi.<br \/>\n<b>Non raccogliamo e trattiamo in nessun modo dati sensibili e giudiziari.<\/b><br \/>\nUtilizziamo i dati identificativi che raccogliamo da te per una diverse finalit\u00e0 legate alla prestazione dei nostri Servizi garantendoti i requisiti delle normative vigenti. Qui di seguito indichiamo in che modo e su quale base giuridica utilizziamo i tuoi dati personali.<\/p>\n<p>Utilizziamo i tuoi dati identificativi per adempiere agli obblighi contrattuali (condizioni di vendita) nei tuoi confronti, per fornirti i nostri Servizi, per rispettare la normativa vigente, per proteggere i tuoi interessi vitali o per altre esigenze di interesse pubblico. Ecco di seguito alcuni esempi:<br \/>\n\u2022Per l\u2019elaborazione degli ordini effettuati sul sito, dei pagamenti e la gestione dell&#8217;account, per far funzionare, misurare e migliorare i nostri Servizi, per mantenere detti Servizi sicuri, protetti e operativi.<br \/>\n\u2022Per contattarti relativamente al tuo account, risolvere problemi del tuo account e richiede maggiori informazioni riguardanti un tuo ordine fatto sul nostro sito. Quando ti contattiamo per le finalit\u00e0 sopra descritte, potremmo comunicare con te via email, telefono, SMS\/Messaggio e comunicazioni postali.<br \/>\n\u2022Per rendere esecutivo le \u201cCondizioni di Vendita\u201d o la presente Informativa Privacy.<\/p>\n<p><b>Modi in cui puoi accedere, controllare e rettificare i tuoi dati personali<\/b><\/p>\n<p>B&amp;B Meccanica rispetta il tuo diritto di accedere, modificare, richiedere l&#8217;eliminazione o limitare il nostro utilizzo dei tuoi dati identificativi, come indicato dalla normativa vigente.<br \/>\n\u2022Hai il diritto di sapere quali dati personali conserviamo su di te.<br \/>\n\u2022Ti forniremo, dietro tua richiesta, una copia dei tuoi dati personali in un formato di uso comune, intellegibile, trasparente e facilmente accessibile.<br \/>\n\u2022Se pensi che i tuoi dati personali siano errati\/incompleti, hai il diritto di chiederci di aggiornarli\/rettificarli.<br \/>\n\u2022Hai il diritto di opporti al trattamento dei tuoi dati personali.<br \/>\n\u2022Puoi inoltre chiederci di eliminare o limitare l&#8217;uso dei tuoi dati personali, ma tale diritto \u00e8 determinato dalla normativa applicabile e pu\u00f2 avere conseguenze sul tuo accesso ad alcuni dei nostri Servizi.<\/p>\n<p>Accedendo al tuo account puoi vedere, controllare e modificare la maggior parte dei tuoi dati personali. Aggiorna immediatamente i tuoi dati personali in caso di cambiamenti o di errori. Rispetteremo ogni tuo diritto come da normativa vigente di accedere, modificare o cancellare i tuoi dati personali. In alcuni casi previsti dalla normativa, nonostante l&#8217;eventuale tuo diritto di richiedere accesso, modifica o cancellazione dei tuoi dati personali, potremmo comunque negare tale accesso o rifiutare la modifica o la cancellazione dei suddetti dati.<\/p>\n<p>Se ci richiederai di interrompere il trattamento di alcuni o di tutti i tuoi dati personali o revocherai (se applicabile) il tuo consenso al nostro utilizzo o alla nostra condivisione dei tuoi dati personali per le finalit\u00e0 descritte nella presente Informativa Privacy, potremmo non essere in grado di fornirti tutti i Servizi e il supporto cliente offerto ai nostri utenti e autorizzato ai sensi della presente Informativa Privacy e del nostro Contratto di vendita.<br \/>\nSu tua richiesta, chiuderemo l&#8217;account appena possibile e rimuoveremo i tuoi dati personali, a seconda delle attivit\u00e0 del tuo account e in conformit\u00e0 alla normativa vigente.<br \/>\nB&amp;B Meccanica. pu\u00f2 condividere i tuoi dati personali con terzi. La divulgazione pu\u00f2 rendersi necessaria allo scopo di garantire l&#8217;accesso ai nostri Servizi, assicurare la conformit\u00e0 a obblighi legali, applicare il contratto di vendita, agevolare le attivit\u00e0 pubblicitarie e di marketing o prevenire, rilevare, attenuare e accertare attivit\u00e0 fraudolente o illegali in relazione ai nostri Servizi. Tentiamo di limitare la quantit\u00e0 di dati personali condivisi al minimo indispensabile per l&#8217;adempimento di finalit\u00e0 specifiche.<\/p>\n<p><b>Non vendiamo n\u00e9 facciamo consultare dietro compenso o divulghiamo in altri modi i tuoi dati personali a terzi.<\/b><\/p>\n<p><b>Fornitori di servizi e istituti finanziari nostri partner, indicati di seguito:<br \/>\n<\/b>\u2022Fornitori terzi che collaborano con noi per la fornitura dei nostri Servizi, l&#8217;elaborazione dei pagamenti, la personalizzazione della pubblicit\u00e0, la prevenzione, il rilevamento, l&#8217;attenuazione e l&#8217;accertamento di atti potenzialmente illeciti, di violazioni delle condizioni di vendita, di frodi e\/o di violazioni della sicurezza, la riscossione di fatture e altre attivit\u00e0 aziendali.<br \/>\n\u2022Fornitori terzi di servizi di spedizione (es., BRT, SDA, Fedex, ecc.) con i quali condividiamo indirizzi di consegna, informazioni di contatto e codici delle spedizioni al fine di facilitare la consegna degli oggetti acquistati e altre comunicazioni correlate alla consegna.<\/p>\n<p>&nbsp;<\/p>\n<p><b>Applicazione della legge, procedimenti giudiziari e modalit\u00e0 autorizzate dalla legge<\/b><\/p>\n<p>\u2022Per rispettare la normativa vigente, l\u2019applicazione delle condizioni di vendita, la protezione di diritti altrui, la tutela della propriet\u00e0 o della sicurezza.<br \/>\n\u2022Autorit\u00e0, forze dell\u2019ordine o soggetti terzi autorizzati in risposta a una richiesta verificata o altra procedura prevista dalla legge correlata a un&#8217;indagine penale o un&#8217;attivit\u00e0 illecita o presunta tale oppure a qualsiasi altra attivit\u00e0 che esponga la nostra societ\u00e0, la tua persona o qualsiasi altro nostro utente\/cliente a una responsabilit\u00e0 di tipo legale. Forniremo le informazioni che riterremo rilevanti ai fini delle indagini o delle richieste, ad esempio nome, citt\u00e0, provincia, codice postale, numero di telefono, indirizzo email, cronologia ID utente, indirizzo IP, reclami e cronologia degli ordini effettuati.<br \/>\n\u2022Societ\u00e0 o soggetti preposti alla verifica del credito autorizzati dalle leggi nazionali vigenti (ad esempio, informazioni su pagamenti ritardati o mancati o altri insoluti connessi al tuo account che potrebbero essere riportati nella documentazione sulla solvibilit\u00e0).<br \/>\n\u2022Soggetti terzi coinvolti in procedimenti giudiziari, qualora esibiscano mandati, ordini dell\u2019autorit\u00e0 giudiziaria o analoghi atti aventi valore giuridico oppure qualora ritenessimo in buona fede che il conferimento dei dati sia necessario per prevenire danni fisici o perdite finanziarie imminenti o per segnalare presunte attivit\u00e0 illecite.<\/p>\n<p>&nbsp;<\/p>\n<p><b>Per quanto tempo possiamo conservare i tuoi dati personali<\/b><\/p>\n<p>Conserviamo i tuoi dati personali per tutto il tempo necessario a fornirti i Servizi che hai richiesto, o per altre finalit\u00e0 essenziali come il rispetto della normativa applicabile, la risoluzione di controversie e l&#8217;applicazione delle nostre regole.<br \/>\nIl periodo di conservazione dei dati personali pu\u00f2 variare in modo significativo in base al contesto dei Servizi che forniamo e ai nostri obblighi di legge;<\/p>\n<p>&nbsp;<\/p>\n<p><b>Come proteggiamo i tuoi dati personali<\/b><\/p>\n<p>Proteggiamo i tuoi dati personali adottando misure di sicurezza tecniche ed amministrative atte a ridurre il rischio di perdita, uso non corretto, accesso non autorizzato, divulgazione e manomissione dei dati. Tra i sistemi di sicurezza utilizzati vi sono i firewall, antivirus, la crittografia dei dati, i controlli dell&#8217;accesso fisico ai nostri data center e i controlli per l&#8217;autorizzazione dell&#8217;accesso ai dati personali. Tutte le connessioni da e verso il sito internet <a href=\"http:\/\/www.bebmeccanica.it\/\">www.bebmeccanica.it<\/a> sono coperte protette da crittografia SSL.<\/p>\n<p><b>Siti e servizi che utilizziamo per fornire servizi<\/b><\/p>\n<p>Per fornire un servizio veloce e sicuro, B&amp;B Meccanica utilizza i servizi di terze parti di seguito elencati:<\/p>\n<p><b>BindCommerce<\/b>: <a href=\"https:\/\/www.bindcommerce.com\/it\/informativa-privacy\">https:\/\/www.bindcommerce.com\/it\/informativa-privacy<\/a><\/p>\n<p><b>eBay<\/b>: <a href=\"https:\/\/pages.ebay.it\/help\/policies\/privacy-policy.html\">https:\/\/pages.ebay.it\/help\/policies\/privacy-policy.html<\/a><\/p>\n<p><b>PayPal<\/b>: <a href=\"https:\/\/www.paypal.com\/it\/webapps\/mpp\/ua\/privacy-full\">https:\/\/www.paypal.com\/it\/webapps\/mpp\/ua\/privacy-full<\/a><\/p>\n<p>&nbsp;<\/p>\n<p><b>Cookie<\/b><\/p>\n<p>Un cookie \u00e8 un file di testo di dimensioni ridotte, che viene salvato e recuperato dal sistema o dal dispositivo mobile dell\u2019utente durante le visite successive.<br \/>\nB&amp;B Meccanica utilizza i cookie tecnici per migliorare la visita dell\u2019utente, ma non per memorizzare le informazioni personali o per rivelare tali informazioni a terze parti.<\/p>\n<p>Esistono due tipologie di cookie: permanenti e temporanei (cookie di sessione). I cookie permanenti vengono memorizzati come file sul computer o sul dispositivo mobile per un periodo non superiore a 24 mesi. I cookie di sessione invece vengono registrati temporaneamente e scompaiono quando viene chiusa la sessione del browser.<\/p>\n<p>Come precisato dal Garante con provvedimento dell\u20198 maggio 2014, i cookie di Google Analytics possono essere assimilati ai cookie tecnici soltanto se utilizzati a fini di ottimizzazione del sito direttamente dal titolare del sito stesso, che potr\u00e0 raccogliere informazioni in forma aggregata sul numero degli utenti e su come questi visitano il sito. Attenendosi a questa precisazione, B&amp;B Meccanica utilizza i cookie di Google Analytics con le stesse regole previste per i cookie tecnici in tema di informativa e consenso.<\/p>\n<p>I cookie possono essere eliminati facilmente dal sistema o dal dispositivo mobile utilizzando il browser. Per istruzioni sulla gestione ed eliminazione dei cookie \u00e8 necessario visitare la guida in linea del browser utilizzato. \u00c8 inoltre possibile disabilitare i cookie o ricevere una notifica ogni volta che viene inviato un nuovo cookie al computer o al dispositivo mobile. Se si sceglie di disabilitare i cookie non sar\u00e0 pi\u00f9 possibile sfruttare tutte le funzionalit\u00e0 del sito.<\/p>\n<p><b>Disattivare i Cookie dal tuo Browser<\/b><\/p>\n<p>Tramite le impostazioni del tuo browser potrai sempre gestire le preferenze relative ai cookie: impedendone l\u2019installazione e eliminare dal proprio browser i cookie gi\u00e0 installati, incluso il cookie in cui \u00e8 stato salvato il consenso. Puoi trovare informazioni utili su come gestire i cookie tramite il tuo browser ai seguenti indirizzi:<\/p>\n<p>\u2022\u00a0<b>Google Chrome<\/b>: <a href=\"https:\/\/support.google.com\/chrome\/answer\/95647\">https:\/\/support.google.com\/chrome\/answer\/95647<br \/>\n<\/a>\u2022\u00a0<b>Mozilla Firefox<\/b>: <a href=\"https:\/\/support.mozilla.org\/it\/kb\/Attivare%20e%20disattivare%20i%20cookie\">https:\/\/support.mozilla.org\/it\/kb\/Attivare%20e%20disattivare%20i%20cookie<br \/>\n<\/a>\u2022\u00a0<b>Apple Safari<\/b>: <a href=\"https:\/\/support.apple.com\/kb\/ph21411?locale=it_IT\">https:\/\/support.apple.com\/kb\/ph21411?locale=it_IT<br \/>\n<\/a>\u2022\u00a0<b>Microsoft Internet Explorer<\/b>: <a href=\"https:\/\/support.microsoft.com\/it-it\/help\/17442\/windows-internet-explorer-delete-manage-cookies\">https:\/\/support.microsoft.com\/it-it\/help\/17442\/windows-internet-explorer-delete-manage-cookies<\/a><\/p>\n","protected":false},"excerpt":{"rendered":"<p>Privacy Policy di www.pbbcerchi.it Titolare del Trattamento dei Dati B. &amp; B. Meccanica SNC di Baiardi Mirco &amp; C. via L. Lama, 161\/169 &#8211; 47035 &#8211; Gambettola (FC) C.F. \/ P.Iva : 04362110407 &#8211; indirizzo email: privacy@bebmeccanica.it Dati Personali I dati personali sono le informazioni che identificano o rendono identificabile, in modo diretto o indiretto, [&hellip;]<\/p>\n","protected":false},"author":1,"featured_media":0,"parent":0,"menu_order":0,"comment_status":"open","ping_status":"open","template":"","meta":[],"_links":{"self":[{"href":"http:\/\/www.pbbcerchi.it\/it\/wp-json\/wp\/v2\/pages\/2416"}],"collection":[{"href":"http:\/\/www.pbbcerchi.it\/it\/wp-json\/wp\/v2\/pages"}],"about":[{"href":"http:\/\/www.pbbcerchi.it\/it\/wp-json\/wp\/v2\/types\/page"}],"author":[{"embeddable":true,"href":"http:\/\/www.pbbcerchi.it\/it\/wp-json\/wp\/v2\/users\/1"}],"replies":[{"embeddable":true,"href":"http:\/\/www.pbbcerchi.it\/it\/wp-json\/wp\/v2\/comments?post=2416"}],"version-history":[{"count":0,"href":"http:\/\/www.pbbcerchi.it\/it\/wp-json\/wp\/v2\/pages\/2416\/revisions"}],"wp:attachment":[{"href":"http:\/\/www.pbbcerchi.it\/it\/wp-json\/wp\/v2\/media?parent=2416"}],"curies":[{"name":"wp","href":"https:\/\/api.w.org\/{rel}","templated":true}]}}