
{"id":472,"date":"2012-10-02T16:21:56","date_gmt":"2012-10-02T14:21:56","guid":{"rendered":"http:\/\/www.pbbcerchi.it\/?page_id=472"},"modified":"2024-02-07T14:45:01","modified_gmt":"2024-02-07T13:45:01","slug":"condizioni-di-vendita","status":"publish","type":"page","link":"http:\/\/www.pbbcerchi.it\/it\/condizioni-di-vendita\/","title":{"rendered":"Condizioni di Vendita"},"content":{"rendered":"<p>            <\/p>\n<h2 style=\"text-align: center\">TUTTI I PREZZI SONO COMPRENSIVI DI IVA E NON COMPRENDONO LE SPESE DI SPEDIZIONE<\/h2>\n<p style=\"text-align: center\">E&#8217; possibile effettuare ordini secondo le seguenti modalit\u00e0:<\/p>\n<p style=\"text-align: center\"><strong>ORDINE ON LINE:<\/strong><br \/>\nMandare mail di richiesta quotazioni e disponibilit\u00e0 del materiale in vetrina ed eventualmente di parti che state cercando<\/p>\n<p style=\"text-align: center\"><strong>ORDINE TELEFONICO:<\/strong><br \/>\nPer eseguire un ordine telefonico basta chiamare il numero 348 0817330 Baiardi Mirco oppure 335 8122335 Pirini Maurizio. Il cliente sar\u00e0 assistito in tutte le fasi dell&#8217;Ordine informandolo e consigliandolo con la massima efficienza e disponibilit\u00e0.<\/p>\n<p style=\"text-align: center\"><strong>ORDINE VIA FAX:<\/strong><br \/>\nPer eseguire un ordine via fax basta inviare la richiesta completa dei dati personali ( in special modo il telefono ) al numero 0547 657605 oppure al 0547-653284 .L&#8217;ordine sar\u00e0 preso in carico e gestito dal nostro Staff che tempestivamente vi avviser\u00e0 della ricezione.<br \/>\nModalit\u00e0 di spedizione<\/p>\n<p style=\"text-align: center\">Possiamo spedire il tutto il mondo ( richiedete prima i costi di spedizione ) in Italia sia con corriere Executive e con poste italiane .<br \/>\nTempi di spedizione<\/p>\n<p style=\"text-align: center\">Ci riserviamo un massimo di 5 giorni lavorativi per l&#8217;espletamento delle pratiche amministrative necessarie per la spedizione e l&#8217; impacchettamento,oltre i quali sar\u00e0 premura del nostro Staff avvertire tempestivamente il cliente. i tempi poi di consegna dipendono dal tipo di spedizione selto e dal luogo di destinazione<\/p>\n<p style=\"text-align: center\"><strong>Modalit\u00e0 di pagamento<\/strong><\/p>\n<p style=\"text-align: center\">Le nostre AZIENDE\u00a0 accettano le seguenti forme di pagamento:<\/p>\n<ul style=\"text-align: center\">\n<li><strong>Pagamento con Paypal:<\/strong>\u00a0 il cliente potr\u00e0 eseguire il pagamento in tutta tranquillit\u00e0. Tutte le transazioni relative al pagamento con carta di credito avvengono in modalit\u00e0 SSL ( Secure Socket Layer), il protocollo SICURI adottato per la trasmissione di informazioni, utilizzando la piataforma Paypal.<\/li>\n<\/ul>\n<ul style=\"text-align: center\">\n<li><strong>Bonifico Bancario:<\/strong> il pagamento dovr\u00e0 essere eseguito entro 7 giorni dalla conferma d&#8217;ordine<\/li>\n<\/ul>\n<h3 style=\"text-align: center\"><\/h3>\n<ul style=\"text-align: center\">\n<li><strong>Vaglia postale:<\/strong> \u00e8 possibile inviare pagamento tramite vaglia postale.<\/li>\n<\/ul>\n<ul style=\"text-align: center\">\n<li><strong> Ricarica poste pay :<\/strong> possibile inviare pagamento tramite ricarica<\/li>\n<\/ul>\n<h3 style=\"text-align: center\">Comunque sar\u00e0 nostra cura al termine della trattativa inviare tutti i dati necessari per eseguire il pagamento nelle forme sopra citate<br \/>\n<strong><\/strong><\/h3>\n<h3 style=\"text-align: center\"><strong>Spese di spedizione<\/strong><\/h3>\n<p style=\"text-align: center\">Spese di spedizione per tutta Italia: 12,00 euro\u00a0 fino a 4 cerchi .<br \/>\nSpese di spedizione nei Paesi dell&#8217;Unione Europea: a partire da 24 euro,<br \/>\nCome comportarsi al ricevimento del pacco<\/p>\n<p style=\"text-align: center\">Quando il corriere effettuer\u00e0 la consegna il cliente dovr\u00e0 verificare:<\/p>\n<ul style=\"text-align: center\">\n<li>che il pacco sia integro, non danneggiato n\u00e9 bagnato e comunque conforme alle caratteristiche standard di un pacco<\/li>\n<\/ul>\n<ul style=\"text-align: center\">\n<li>che il nastro adesivo\u00a0 sia integro e non manomesso<\/li>\n<\/ul>\n<ul style=\"text-align: center\">\n<li>che il numero dei pacchi indicato sulla lettera di vettura sia corrispondente al numero di colli effettivamente consegnato<\/li>\n<\/ul>\n<h3 style=\"text-align: center\">Eventuali contestazioni devono essere immediatamente sollevate al vettore, in mancanza di queste, il prodotto si considera consegnato correttamente.<\/h3>\n<p style=\"text-align: center\">Se al ricevimento della merce il pacco risulta danneggiato o manomesso occorre:<\/p>\n<ul style=\"text-align: center\">\n<li><strong>esprimere una riserva :<\/strong> il pacco viene accettato ma prima di firmare il documento il cliente dovr\u00e0 scrivere &#8220;Accetto con diritto di riserva&#8221;. Sar\u00e0 cos\u00ec possibile una volta aperto il pacco e riscontrato un eventuale danno, essere risarciti del danno subito.<\/li>\n<\/ul>\n<ul style=\"text-align: center\">\n<li><strong> esprimere al vettore l&#8217;inaccettabilit\u00e0 del pacco per manomissione :<\/strong> rifiutare il pacco per collo manomesso.<\/li>\n<\/ul>\n<h2 style=\"text-align: center\">Se il cliente non esegue queste operazioni ritieniamo il pacco regolarmente consegnato.<\/h2>\n<p>      <\/p>","protected":false},"excerpt":{"rendered":"<p>TUTTI I PREZZI SONO COMPRENSIVI DI IVA E NON COMPRENDONO LE SPESE DI SPEDIZIONE E&#8217; possibile effettuare ordini secondo le seguenti modalit\u00e0: ORDINE ON LINE: Mandare mail di richiesta quotazioni e disponibilit\u00e0 del materiale in vetrina ed eventualmente di parti che state cercando ORDINE TELEFONICO: Per eseguire un ordine telefonico basta chiamare il numero 348 [&hellip;]<\/p>\n","protected":false},"author":1,"featured_media":0,"parent":0,"menu_order":0,"comment_status":"open","ping_status":"open","template":"","meta":[],"_links":{"self":[{"href":"http:\/\/www.pbbcerchi.it\/it\/wp-json\/wp\/v2\/pages\/472"}],"collection":[{"href":"http:\/\/www.pbbcerchi.it\/it\/wp-json\/wp\/v2\/pages"}],"about":[{"href":"http:\/\/www.pbbcerchi.it\/it\/wp-json\/wp\/v2\/types\/page"}],"author":[{"embeddable":true,"href":"http:\/\/www.pbbcerchi.it\/it\/wp-json\/wp\/v2\/users\/1"}],"replies":[{"embeddable":true,"href":"http:\/\/www.pbbcerchi.it\/it\/wp-json\/wp\/v2\/comments?post=472"}],"version-history":[{"count":9,"href":"http:\/\/www.pbbcerchi.it\/it\/wp-json\/wp\/v2\/pages\/472\/revisions"}],"predecessor-version":[{"id":7188,"href":"http:\/\/www.pbbcerchi.it\/it\/wp-json\/wp\/v2\/pages\/472\/revisions\/7188"}],"wp:attachment":[{"href":"http:\/\/www.pbbcerchi.it\/it\/wp-json\/wp\/v2\/media?parent=472"}],"curies":[{"name":"wp","href":"https:\/\/api.w.org\/{rel}","templated":true}]}}